{"id":27,"date":"2022-07-29T11:15:11","date_gmt":"2022-07-29T11:15:11","guid":{"rendered":"http:\/\/s917855738.onlinehome.fr\/?page_id=27"},"modified":"2025-08-29T14:42:01","modified_gmt":"2025-08-29T14:42:01","slug":"access-gym","status":"publish","type":"page","link":"https:\/\/www.lesamisgymnastesdaulnay.com\/?page_id=27","title":{"rendered":"Access gym"},"content":{"rendered":"<p>[et_pb_section fb_built=\u00a0\u00bb1&Prime; _builder_version=\u00a0\u00bb4.18.0&Prime; _module_preset=\u00a0\u00bbdefault\u00a0\u00bb background_color=\u00a0\u00bbrgba(29,29,29,0.61)\u00a0\u00bb background_image=\u00a0\u00bbhttps:\/\/www.lesamisgymnastesdaulnay.com\/wp-content\/uploads\/2022\/08\/Access-Gym.jpg\u00a0\u00bb min_height=\u00a0\u00bb60vh\u00a0\u00bb min_height_tablet=\u00a0\u00bb60vh\u00a0\u00bb min_height_phone=\u00a0\u00bb60vh\u00a0\u00bb min_height_last_edited=\u00a0\u00bbon|phone\u00a0\u00bb locked=\u00a0\u00bboff\u00a0\u00bb global_colors_info=\u00a0\u00bb{}\u00a0\u00bb][et_pb_row _builder_version=\u00a0\u00bb4.17.6&Prime; _module_preset=\u00a0\u00bbdefault\u00a0\u00bb global_colors_info=\u00a0\u00bb{}\u00a0\u00bb][et_pb_column type=\u00a0\u00bb4_4&Prime; _builder_version=\u00a0\u00bb4.17.6&Prime; _module_preset=\u00a0\u00bbdefault\u00a0\u00bb global_colors_info=\u00a0\u00bb{}\u00a0\u00bb][et_pb_text _builder_version=\u00a0\u00bb4.17.6&Prime; _module_preset=\u00a0\u00bbdefault\u00a0\u00bb text_font=\u00a0\u00bbPoppins|700||on|||||\u00a0\u00bb text_text_color=\u00a0\u00bb#FFD27B\u00a0\u00bb text_font_size=\u00a0\u00bb50px\u00a0\u00bb text_letter_spacing=\u00a0\u00bb3px\u00a0\u00bb text_line_height=\u00a0\u00bb1.1em\u00a0\u00bb text_orientation=\u00a0\u00bbcenter\u00a0\u00bb custom_padding=\u00a0\u00bb50px||50px||true|false\u00a0\u00bb custom_padding_tablet=\u00a0\u00bb50px||50px||true|false\u00a0\u00bb custom_padding_phone=\u00a0\u00bb50px||50px||true|false\u00a0\u00bb custom_padding_last_edited=\u00a0\u00bbon|phone\u00a0\u00bb text_font_size_tablet=\u00a0\u00bb50px\u00a0\u00bb text_font_size_phone=\u00a0\u00bb30px\u00a0\u00bb text_font_size_last_edited=\u00a0\u00bbon|desktop\u00a0\u00bb global_colors_info=\u00a0\u00bb{}\u00a0\u00bb]<\/p>\n<p>ACCESS GYM<\/p>\n<p>[\/et_pb_text][\/et_pb_column][\/et_pb_row][\/et_pb_section][et_pb_section fb_built=\u00a0\u00bb1&Prime; _builder_version=\u00a0\u00bb4.17.6&Prime; _module_preset=\u00a0\u00bbdefault\u00a0\u00bb custom_margin=\u00a0\u00bb60px||60px||false|false\u00a0\u00bb custom_margin_tablet=\u00a0\u00bb||60px||false|false\u00a0\u00bb custom_margin_phone=\u00a0\u00bb||60px||false|false\u00a0\u00bb custom_margin_last_edited=\u00a0\u00bbon|phone\u00a0\u00bb custom_padding=\u00a0\u00bb0px||0px||false|false\u00a0\u00bb locked=\u00a0\u00bboff\u00a0\u00bb global_colors_info=\u00a0\u00bb{}\u00a0\u00bb][et_pb_row _builder_version=\u00a0\u00bb4.17.6&Prime; _module_preset=\u00a0\u00bbdefault\u00a0\u00bb custom_margin=\u00a0\u00bb||||false|false\u00a0\u00bb global_colors_info=\u00a0\u00bb{}\u00a0\u00bb][et_pb_column type=\u00a0\u00bb4_4&Prime; _builder_version=\u00a0\u00bb4.17.6&Prime; _module_preset=\u00a0\u00bbdefault\u00a0\u00bb global_colors_info=\u00a0\u00bb{}\u00a0\u00bb][et_pb_text _builder_version=\u00a0\u00bb4.18.0&Prime; _module_preset=\u00a0\u00bbdefault\u00a0\u00bb text_font=\u00a0\u00bbPoppins|700||on|||||\u00a0\u00bb text_text_color=\u00a0\u00bb#00AD6F\u00a0\u00bb text_font_size=\u00a0\u00bb30px\u00a0\u00bb text_letter_spacing=\u00a0\u00bb2px\u00a0\u00bb text_line_height=\u00a0\u00bb1.2em\u00a0\u00bb text_orientation=\u00a0\u00bbcenter\u00a0\u00bb text_line_height_tablet=\u00a0\u00bb1.2em\u00a0\u00bb text_line_height_phone=\u00a0\u00bb1.2em\u00a0\u00bb text_line_height_last_edited=\u00a0\u00bbon|desktop\u00a0\u00bb global_colors_info=\u00a0\u00bb{}\u00a0\u00bb]<\/p>\n<p>Pour une pratique ludique Pour tous<\/p>\n<p>[\/et_pb_text][\/et_pb_column][\/et_pb_row][et_pb_row column_structure=\u00a0\u00bb2_3,1_3&Prime; _builder_version=\u00a0\u00bb4.18.0&Prime; _module_preset=\u00a0\u00bbdefault\u00a0\u00bb background_color=\u00a0\u00bb#FFFFFF\u00a0\u00bb custom_padding=\u00a0\u00bb||||false|false\u00a0\u00bb global_colors_info=\u00a0\u00bb{}\u00a0\u00bb][et_pb_column type=\u00a0\u00bb2_3&Prime; _builder_version=\u00a0\u00bb4.17.6&Prime; _module_preset=\u00a0\u00bbdefault\u00a0\u00bb global_colors_info=\u00a0\u00bb{}\u00a0\u00bb][et_pb_image src=\u00a0\u00bbhttps:\/\/www.lesamisgymnastesdaulnay.com\/wp-content\/uploads\/2022\/08\/Logo-Access-Gym.png\u00a0\u00bb title_text=\u00a0\u00bbLogo Access Gym\u00a0\u00bb align=\u00a0\u00bbcenter\u00a0\u00bb _builder_version=\u00a0\u00bb4.18.0&Prime; _module_preset=\u00a0\u00bbdefault\u00a0\u00bb width=\u00a0\u00bb30%\u00a0\u00bb global_colors_info=\u00a0\u00bb{}\u00a0\u00bb][\/et_pb_image][et_pb_text _builder_version=\u00a0\u00bb4.18.0&Prime; _module_preset=\u00a0\u00bbdefault\u00a0\u00bb text_font=\u00a0\u00bbPoppins|500|||||||\u00a0\u00bb text_text_color=\u00a0\u00bb#1D1D1D\u00a0\u00bb global_colors_info=\u00a0\u00bb{}\u00a0\u00bb]<\/p>\n<p><strong>Les cinq bonnes raisons de faire de l\u2019Access Gym :<\/strong><\/p>\n<p><strong>Une activit\u00e9 ludique, non comp\u00e9titive, accessible \u00e0 tous<\/strong><br \/>Quel que soit mon niveau, le nombre de s\u00e9ance de gymnastique, je progresse \u00e0 mon rythme. Mon entraineur de club me conseille sur mon niveau d\u2019entr\u00e9e dans le programme.<\/p>\n<p><strong>Un encadrement qualifi\u00e9 et certifi\u00e9<\/strong><br \/>Tous les animateurs du Club sont titulaires du dipl\u00f4me d\u00e9livr\u00e9 par la FFG. Les Clubs affili\u00e9s \u00e0 la F\u00e9d\u00e9ration Fran\u00e7aise de Gymnastique sont accompagn\u00e9s dans la mise en place de leur projet p\u00e9dagogique.<\/p>\n<p><strong>Chaque passage de niveau est mat\u00e9rialis\u00e9 par un bracelet<\/strong><br \/>Grace aux animations et \u00e9valuations mises en place, je peux passer chaque niveau tout en m\u2019amusant. Mes diff\u00e9rents passages de niveau sont mat\u00e9rialises par le bracelet en silicone de la couleur du niveau.<\/p>\n<p><strong>Les plus de l\u2019Access Gym<\/strong><br \/>J\u2019ai acc\u00e8s aux vid\u00e9os supports me permettant de mieux visualiser la r\u00e9alisation des \u00e9l\u00e9ments.<\/p>\n<p><strong>Le passage d\u2019une discipline \u00e0 une autre<\/strong><br \/>Je peux changer d\u2019activit\u00e9s d\u2019une saison \u00e0 une autre. Mon entra\u00eeneur est l\u00e0 pour me conseiller.<\/p>\n<ul><\/ul>\n<p>[\/et_pb_text][\/et_pb_column][et_pb_column type=\u00a0\u00bb1_3&Prime; _builder_version=\u00a0\u00bb4.18.0&Prime; _module_preset=\u00a0\u00bbdefault\u00a0\u00bb background_color=\u00a0\u00bb#FFFFFF\u00a0\u00bb custom_padding=\u00a0\u00bb20px||20px||true|false\u00a0\u00bb box_shadow_style=\u00a0\u00bbpreset1&Prime; box_shadow_vertical=\u00a0\u00bb6px\u00a0\u00bb box_shadow_blur=\u00a0\u00bb19px\u00a0\u00bb global_colors_info=\u00a0\u00bb{}\u00a0\u00bb][et_pb_text _builder_version=\u00a0\u00bb4.18.0&Prime; _module_preset=\u00a0\u00bbdefault\u00a0\u00bb text_font=\u00a0\u00bbPoppins|700||on|||||\u00a0\u00bb text_text_color=\u00a0\u00bb#00AD6F\u00a0\u00bb text_font_size=\u00a0\u00bb19px\u00a0\u00bb background_color=\u00a0\u00bb#FFFFFF\u00a0\u00bb text_orientation=\u00a0\u00bbcenter\u00a0\u00bb custom_margin=\u00a0\u00bb||||false|false\u00a0\u00bb custom_padding=\u00a0\u00bb5px|5px|5px|5px|true|true\u00a0\u00bb global_colors_info=\u00a0\u00bb{}\u00a0\u00bb]<\/p>\n<p>INFOS PRATIQUES<\/p>\n<p>[\/et_pb_text][et_pb_text _builder_version=\u00a0\u00bb4.18.0&Prime; _module_preset=\u00a0\u00bbdefault\u00a0\u00bb text_font=\u00a0\u00bbPoppins|500|||||||\u00a0\u00bb text_text_color=\u00a0\u00bb#1D1D1D\u00a0\u00bb custom_margin=\u00a0\u00bb|20px||20px|false|true\u00a0\u00bb custom_padding=\u00a0\u00bb|0px|4px|0px|false|true\u00a0\u00bb border_width_bottom=\u00a0\u00bb1px\u00a0\u00bb border_color_bottom=\u00a0\u00bbrgba(29,29,29,0.11)\u00a0\u00bb border_style_bottom=\u00a0\u00bbinset\u00a0\u00bb global_colors_info=\u00a0\u00bb{}\u00a0\u00bb]<\/p>\n<p><strong>\u00c9quipe encadrante :<\/strong><br \/>Marina pour les filles<br \/>Bastien pour les gar\u00e7ons<\/p>\n<p>[\/et_pb_text][et_pb_text _builder_version=\u00a0\u00bb4.21.0&Prime; _module_preset=\u00a0\u00bbdefault\u00a0\u00bb text_font=\u00a0\u00bbPoppins|500|||||||\u00a0\u00bb text_text_color=\u00a0\u00bb#1D1D1D\u00a0\u00bb custom_margin=\u00a0\u00bb|20px||20px|false|true\u00a0\u00bb custom_padding=\u00a0\u00bb|0px||0px|false|true\u00a0\u00bb border_width_bottom=\u00a0\u00bb1px\u00a0\u00bb border_color_bottom=\u00a0\u00bbrgba(29,29,29,0.11)\u00a0\u00bb border_style_bottom=\u00a0\u00bbinset\u00a0\u00bb global_colors_info=\u00a0\u00bb{}\u00a0\u00bb]<\/p>\n<p><strong>Pour les ann\u00e9es d\u2019\u00e2ge de 2019 \u00e0 2014<\/strong><br \/>Mardi ou jeudi de 18h \u00e0 20h<br \/>Mercredi de 16h \u00e0 18h (pour les filles) Samedi de 13h \u00e0 15h<\/p>\n<p>&nbsp;<\/p>\n<p><strong>Pour les ann\u00e9es d\u2019\u00e2ge \u00e0 partir de 2013<\/strong><br \/>Mardi ou jeudi de 20h \u00e0 22h<\/p>\n<ul><\/ul>\n<p>[\/et_pb_text][et_pb_text _builder_version=\u00a0\u00bb4.25.2&Prime; _module_preset=\u00a0\u00bbdefault\u00a0\u00bb text_font=\u00a0\u00bbPoppins|500|||||||\u00a0\u00bb text_text_color=\u00a0\u00bb#1D1D1D\u00a0\u00bb custom_margin=\u00a0\u00bb|20px|0px|20px|false|true\u00a0\u00bb custom_padding=\u00a0\u00bb|0px||0px|false|true\u00a0\u00bb border_color_bottom=\u00a0\u00bbrgba(29,29,29,0.11)\u00a0\u00bb border_style_bottom=\u00a0\u00bbinset\u00a0\u00bb global_colors_info=\u00a0\u00bb{}\u00a0\u00bb]<\/p>\n<p><strong>Tarifs :<\/strong><br \/>280 \u20ac<\/p>\n<ul><\/ul>\n<p>[\/et_pb_text][et_pb_button button_url=\u00a0\u00bbhttps:\/\/lesamisgymnastesdaulnay.monclub.app\/app\/6728dac69c63611bd8b54a79&Prime; url_new_window=\u00a0\u00bbon\u00a0\u00bb button_text=\u00a0\u00bbS\u2019inscrirepour les filles\u00a0\u00bb _builder_version=\u00a0\u00bb4.27.4&Prime; _module_preset=\u00a0\u00bbdefault\u00a0\u00bb custom_button=\u00a0\u00bbon\u00a0\u00bb button_text_size=\u00a0\u00bb16px\u00a0\u00bb button_text_color=\u00a0\u00bb#1D1D1D\u00a0\u00bb button_bg_color=\u00a0\u00bb#FFD27B\u00a0\u00bb button_border_width=\u00a0\u00bb2px\u00a0\u00bb button_border_color=\u00a0\u00bb#FFD27B\u00a0\u00bb button_border_radius=\u00a0\u00bb0px\u00a0\u00bb button_font=\u00a0\u00bbPoppins|500||on|||||\u00a0\u00bb button_use_icon=\u00a0\u00bboff\u00a0\u00bb custom_margin=\u00a0\u00bb|20px||20px|false|true\u00a0\u00bb custom_padding=\u00a0\u00bb||||false|false\u00a0\u00bb locked=\u00a0\u00bboff\u00a0\u00bb global_colors_info=\u00a0\u00bb{}\u00a0\u00bb button_text_color__hover_enabled=\u00a0\u00bbon|desktop\u00a0\u00bb button_text_color__hover=\u00a0\u00bb#1D1D1D\u00a0\u00bb button_bg_color__hover_enabled=\u00a0\u00bbon|desktop\u00a0\u00bb button_bg_color__hover=\u00a0\u00bbRGBA(255,255,255,0)\u00a0\u00bb button_bg_enable_color__hover=\u00a0\u00bbon\u00a0\u00bb button_border_width__hover_enabled=\u00a0\u00bbon|desktop\u00a0\u00bb button_border_radius__hover_enabled=\u00a0\u00bbon|hover\u00a0\u00bb button_border_width__hover=\u00a0\u00bb2px\u00a0\u00bb button_border_radius__hover=\u00a0\u00bb0px\u00a0\u00bb][\/et_pb_button][et_pb_button button_url=\u00a0\u00bbhttps:\/\/lesamisgymnastesdaulnay.monclub.app\/app\/6728dae67d020e7cd006312b\u00a0\u00bb url_new_window=\u00a0\u00bbon\u00a0\u00bb button_text=\u00a0\u00bbS\u2019inscrire pour les gar\u00e7ons\u00a0\u00bb _builder_version=\u00a0\u00bb4.27.4&Prime; _module_preset=\u00a0\u00bbdefault\u00a0\u00bb custom_button=\u00a0\u00bbon\u00a0\u00bb button_text_size=\u00a0\u00bb16px\u00a0\u00bb button_text_color=\u00a0\u00bb#1D1D1D\u00a0\u00bb button_bg_color=\u00a0\u00bb#FFD27B\u00a0\u00bb button_border_width=\u00a0\u00bb2px\u00a0\u00bb button_border_color=\u00a0\u00bb#FFD27B\u00a0\u00bb button_border_radius=\u00a0\u00bb0px\u00a0\u00bb button_font=\u00a0\u00bbPoppins|500||on|||||\u00a0\u00bb button_use_icon=\u00a0\u00bboff\u00a0\u00bb custom_margin=\u00a0\u00bb|20px||20px|false|true\u00a0\u00bb custom_padding=\u00a0\u00bb||||false|false\u00a0\u00bb locked=\u00a0\u00bboff\u00a0\u00bb global_colors_info=\u00a0\u00bb{}\u00a0\u00bb button_text_color__hover_enabled=\u00a0\u00bbon|desktop\u00a0\u00bb button_text_color__hover=\u00a0\u00bb#1D1D1D\u00a0\u00bb button_bg_color__hover_enabled=\u00a0\u00bbon|desktop\u00a0\u00bb button_bg_color__hover=\u00a0\u00bbRGBA(255,255,255,0)\u00a0\u00bb button_bg_enable_color__hover=\u00a0\u00bbon\u00a0\u00bb button_border_width__hover_enabled=\u00a0\u00bbon|desktop\u00a0\u00bb button_border_radius__hover_enabled=\u00a0\u00bbon|hover\u00a0\u00bb button_border_width__hover=\u00a0\u00bb2px\u00a0\u00bb button_border_radius__hover=\u00a0\u00bb0px\u00a0\u00bb][\/et_pb_button][et_pb_text _builder_version=\u00a0\u00bb4.18.0&Prime; _module_preset=\u00a0\u00bbdefault\u00a0\u00bb text_font=\u00a0\u00bbPoppins|500|||||||\u00a0\u00bb text_text_color=\u00a0\u00bb#1D1D1D\u00a0\u00bb custom_margin=\u00a0\u00bb|20px||20px|false|true\u00a0\u00bb custom_padding=\u00a0\u00bb||||false|false\u00a0\u00bb border_color_bottom=\u00a0\u00bbrgba(29,29,29,0.11)\u00a0\u00bb border_style_bottom=\u00a0\u00bbinset\u00a0\u00bb global_colors_info=\u00a0\u00bb{}\u00a0\u00bb]<\/p>\n<p><strong>Contact :<\/strong><br \/>lesamisgymnastesdaulnay@orange.fr<\/p>\n<ul><\/ul>\n<p>[\/et_pb_text][\/et_pb_column][\/et_pb_row][\/et_pb_section]<\/p>\n","protected":false},"excerpt":{"rendered":"<p>ACCESS GYMPour une pratique ludique Pour tousLes cinq bonnes raisons de faire de l\u2019Access Gym : Une activit\u00e9 ludique, non comp\u00e9titive, accessible \u00e0 tousQuel que soit mon niveau, le nombre de s\u00e9ance de gymnastique, je progresse \u00e0 mon rythme. Mon entraineur de club me conseille sur mon niveau d\u2019entr\u00e9e dans le programme. Un encadrement qualifi\u00e9 [&hellip;]<\/p>\n","protected":false},"author":1,"featured_media":0,"parent":0,"menu_order":0,"comment_status":"closed","ping_status":"closed","template":"","meta":{"_et_pb_use_builder":"on","_et_pb_old_content":"<!-- wp:divi\/placeholder \/-->","_et_gb_content_width":"","footnotes":""},"class_list":["post-27","page","type-page","status-publish","hentry"],"_links":{"self":[{"href":"https:\/\/www.lesamisgymnastesdaulnay.com\/index.php?rest_route=\/wp\/v2\/pages\/27","targetHints":{"allow":["GET"]}}],"collection":[{"href":"https:\/\/www.lesamisgymnastesdaulnay.com\/index.php?rest_route=\/wp\/v2\/pages"}],"about":[{"href":"https:\/\/www.lesamisgymnastesdaulnay.com\/index.php?rest_route=\/wp\/v2\/types\/page"}],"author":[{"embeddable":true,"href":"https:\/\/www.lesamisgymnastesdaulnay.com\/index.php?rest_route=\/wp\/v2\/users\/1"}],"replies":[{"embeddable":true,"href":"https:\/\/www.lesamisgymnastesdaulnay.com\/index.php?rest_route=%2Fwp%2Fv2%2Fcomments&post=27"}],"version-history":[{"count":29,"href":"https:\/\/www.lesamisgymnastesdaulnay.com\/index.php?rest_route=\/wp\/v2\/pages\/27\/revisions"}],"predecessor-version":[{"id":803,"href":"https:\/\/www.lesamisgymnastesdaulnay.com\/index.php?rest_route=\/wp\/v2\/pages\/27\/revisions\/803"}],"wp:attachment":[{"href":"https:\/\/www.lesamisgymnastesdaulnay.com\/index.php?rest_route=%2Fwp%2Fv2%2Fmedia&parent=27"}],"curies":[{"name":"wp","href":"https:\/\/api.w.org\/{rel}","templated":true}]}}